{"id":58,"date":"2024-01-22T13:54:42","date_gmt":"2024-01-22T13:54:42","guid":{"rendered":"https:\/\/kanzleilang.de\/?page_id=58"},"modified":"2024-01-22T17:04:45","modified_gmt":"2024-01-22T17:04:45","slug":"rechtsgebiete","status":"publish","type":"page","link":"https:\/\/kanzleilang.de\/?page_id=58","title":{"rendered":"Rechtsgebiete"},"content":{"rendered":"\n<p>Wir haben uns ausschlie\u00dflich auf Strafrecht spezialisiert. Die folgenden Rechtsgebiete sollen Ihnen einen alphabetisch geordneten \u00dcberblick \u00fcber unseren T\u00e4tigkeitsbereich verschaffen. In fach\u00fcbergreifenden F\u00e4llen setzen wir auf die Kooperation mit anderen Kollegen und Soziet\u00e4ten. Durch gemeinsame Betreuung und Besprechung komplexer Sachverhalte verschaffen wir Ihnen stets die Vorteile einer umfassenden undkompetenten Betreuung.<\/p>\n\n\n\n<ul>\n<li>Allgemeines Strafrecht<\/li>\n\n\n\n<li>Ordnungswidrigkeitenrecht<\/li>\n\n\n\n<li>Arztstrafrecht<\/li>\n\n\n\n<li>Opferhilfe<\/li>\n\n\n\n<li>Ausl\u00e4nder im Strafvollzug<\/li>\n\n\n\n<li>Revisionen in Strafsachen<\/li>\n\n\n\n<li>Auslieferungsverfahren<\/li>\n\n\n\n<li>Sexualstraftaten<\/li>\n\n\n\n<li>Bet\u00e4ubungsmittelstrafrecht<\/li>\n\n\n\n<li>Steuerstrafrecht<\/li>\n\n\n\n<li>Beratung von Unternehmen<\/li>\n\n\n\n<li>Strafrechtliche Produkthaftung<\/li>\n\n\n\n<li>Internationale Rechtshilfe<\/li>\n\n\n\n<li>Straf- und Ma\u00dfregelvollzug<\/li>\n\n\n\n<li>Internationales Strafrecht<\/li>\n\n\n\n<li>Umweltstrafrecht<\/li>\n\n\n\n<li>Internetstrafrecht<\/li>\n\n\n\n<li>Verfassungsrecht<\/li>\n\n\n\n<li>Jugendstrafrecht<\/li>\n\n\n\n<li>Verkehrsstrafrecht<\/li>\n\n\n\n<li>Kapitalstrafrecht<\/li>\n\n\n\n<li>Wiederaufnahmeverfahren<\/li>\n\n\n\n<li>Korruptionsstrafrecht<\/li>\n\n\n\n<li>Wirtschaftsstrafrecht<\/li>\n<\/ul>\n","protected":false},"excerpt":{"rendered":"<p>Wir haben uns ausschlie\u00dflich auf Strafrecht spezialisiert. Die folgenden Rechtsgebiete sollen Ihnen einen alphabetisch geordneten \u00dcberblick \u00fcber unseren T\u00e4tigkeitsbereich verschaffen. In fach\u00fcbergreifenden F\u00e4llen setzen wir auf die Kooperation mit anderen Kollegen und Soziet\u00e4ten. Durch gemeinsame Betreuung und Besprechung komplexer Sachverhalte verschaffen wir Ihnen stets die Vorteile einer umfassenden undkompetenten Betreuung.<\/p>\n","protected":false},"author":1,"featured_media":54,"parent":0,"menu_order":0,"comment_status":"closed","ping_status":"closed","template":"","meta":{"footnotes":""},"_links":{"self":[{"href":"https:\/\/kanzleilang.de\/index.php?rest_route=\/wp\/v2\/pages\/58"}],"collection":[{"href":"https:\/\/kanzleilang.de\/index.php?rest_route=\/wp\/v2\/pages"}],"about":[{"href":"https:\/\/kanzleilang.de\/index.php?rest_route=\/wp\/v2\/types\/page"}],"author":[{"embeddable":true,"href":"https:\/\/kanzleilang.de\/index.php?rest_route=\/wp\/v2\/users\/1"}],"replies":[{"embeddable":true,"href":"https:\/\/kanzleilang.de\/index.php?rest_route=%2Fwp%2Fv2%2Fcomments&post=58"}],"version-history":[{"count":10,"href":"https:\/\/kanzleilang.de\/index.php?rest_route=\/wp\/v2\/pages\/58\/revisions"}],"predecessor-version":[{"id":133,"href":"https:\/\/kanzleilang.de\/index.php?rest_route=\/wp\/v2\/pages\/58\/revisions\/133"}],"wp:featuredmedia":[{"embeddable":true,"href":"https:\/\/kanzleilang.de\/index.php?rest_route=\/wp\/v2\/media\/54"}],"wp:attachment":[{"href":"https:\/\/kanzleilang.de\/index.php?rest_route=%2Fwp%2Fv2%2Fmedia&parent=58"}],"curies":[{"name":"wp","href":"https:\/\/api.w.org\/{rel}","templated":true}]}}